{"id":177,"date":"2024-02-01T02:30:12","date_gmt":"2024-02-01T02:30:12","guid":{"rendered":"http:\/\/boskery-demo.local\/?page_id=177"},"modified":"2025-05-26T15:19:19","modified_gmt":"2025-05-26T15:19:19","slug":"hakkimizda","status":"publish","type":"page","link":"https:\/\/danpolmeat.pl\/tr\/hakkimizda\/","title":{"rendered":"Hakk\u0131m\u0131zda"},"content":{"rendered":"<div data-elementor-type=\"wp-page\" data-elementor-id=\"177\" class=\"elementor elementor-177\">\n\t\t\t\t<div class=\"elementor-element elementor-element-796a598 e-con-full e-flex e-con e-parent\" data-id=\"796a598\" data-element_type=\"container\">\n\t\t\t\t<div class=\"elementor-element elementor-element-e4684c2 elementor-widget elementor-widget-boskery-about\" data-id=\"e4684c2\" data-element_type=\"widget\" data-widget_type=\"boskery-about.default\">\n\t\t\t\t<div class=\"elementor-widget-container\">\n\t\t\t\t\t\r\n    <section class=\"about-three section-space\">\r\n        <div class=\"container\">\r\n            <div class=\"row gutter-y-60\">\r\n                <div class=\"col-lg-6 wow fadeInLeft\" data-wow-duration=\"1500ms\">\r\n                    <div class=\"about-three__image\">\r\n                        <img decoding=\"async\" src=\"https:\/\/danpolmeat.pl\/wp-content\/uploads\/2025\/05\/about-1.jpg\" alt=\"Tak\u0131m \u00e7al\u0131\u015fmas\u0131 kasap so\u011fuk depoda as\u0131l\u0131 \u00e7i\u011f etleri kesiyor. Kesimhanede kancaya as\u0131lan ve kesilen s\u0131\u011f\u0131rlar, Et end\u00fcstrisi, Wagyu S\u0131\u011f\u0131r\u0131\" title=\"Ekip \u00e7al\u0131\u015fmas\u0131 kasap so\u011fuk hava deposunda as\u0131l\u0131 duran \u00e7i\u011f etleri kesiyor.\" class=\"about-three__image__one\" >                        <div class=\"about-three__image__inner\">\r\n                                                    <\/div><!-- \/.about-three__image__inner -->\r\n                        <div class=\"about-three__experience\">\r\n                            <div class=\"about-three__experience__bg\" style=\"background-image: url(https:\/\/bracketweb.com\/boskerywp\/wp-content\/uploads\/2024\/02\/about-shape-3-1.png);\"><\/div>\r\n                            <!-- \/.about-three__experience__bg -->\r\n                            <div class=\"about-three__experience__content\">\r\n                                <div class=\"about-three__experience__text\">\r\n                                    <h4 class=\"about-three__experience__title\">Y\u0131llar\u0131n <br>  deneyim<\/h4><!-- \/.about-three__experience__title -->\r\n                                <\/div><!-- \/.about-three__experience__text -->\r\n                                <h4 class=\"about-three__experience__year\">5+<\/h4><!-- \/.about-three__experience__year -->\r\n                            <\/div><!-- \/.about-three__experience__content -->\r\n                        <\/div><!-- \/.about-three__experience -->\r\n                    <\/div><!-- \/.about-three__image -->\r\n                <\/div><!-- \/.col-lg-6 -->\r\n                <div class=\"col-lg-6 wow fadeInRight\" data-wow-duration=\"1500ms\">\r\n                    <div class=\"about-three__content\">\r\n                        <div class=\"sec-title @@extraClassName\">\r\n\r\n                            <img decoding=\"async\" src=\"https:\/\/danpolmeat.pl\/wp-content\/uploads\/2025\/05\/loader-1-95x95-1.png\" alt=\"y\u00fckleyici-1-95x95\" title=\"y\u00fckleyici-1-95\u00d795\" class=\"sec-title__img\" >\r\n                            <h4 class=\"sec-title__tagline\">Danpol et G\u0131da Sp z oo hakk\u0131nda<\/h4><h4 class=\"sec-title__title\">Taze Kesimler Kasab\u0131 <br> \u015eehirde al\u0131\u015fveri\u015f yap\u0131n<\/h4>                        <\/div><!-- \/.sec-title -->\r\n\r\n                        <p class=\"about-three__text\">Danpol Meat Food, 2020 y\u0131l\u0131nda kurulmu\u015f, g\u0131da \u00fcretimine y\u00f6nelik yenilik\u00e7i yakla\u015f\u0131m\u0131yla en ba\u015f\u0131ndan beri \u00f6ne \u00e7\u0131kan bir \u015firkettir. D\u00f6ner \u00fcretiminin yan\u0131 s\u0131ra et unsurlar\u0131n\u0131n kapsaml\u0131 i\u015flenmesi ve paketlenmesinde uzmanla\u015f\u0131yoruz. Modern tesisimiz, yaln\u0131zca geleneksel d\u00f6ner \u00fcretmemizi de\u011fil, ayn\u0131 zamanda y\u00fcksek kaliteli k\u0131rm\u0131z\u0131 et, k\u00fcmes hayvan\u0131 ve hindi \u00fcr\u00fcnlerini uzmanca kesmemizi, porsiyonlamam\u0131z\u0131 ve paketlememizi de sa\u011fl\u0131yor. T\u00fcm s\u00fcre\u00e7lerimiz kalite ve g\u0131da g\u00fcvenli\u011fi standartlar\u0131na azami dikkat g\u00f6sterilerek y\u00fcr\u00fct\u00fclmektedir. \u0130leri teknoloji ve deneyimli bir ekip sayesinde \u00fcr\u00fcnlerimiz hem yurt i\u00e7inde hem de yurt d\u0131\u015f\u0131nda m\u00fc\u015fterilere ula\u015farak tazelik, lezzet ve g\u00fcvenli\u011fi garanti eder. Danpol Meat Food, modernlik, g\u00fcvenilirlik ve en iyi et \u00fcr\u00fcnlerini yaratma tutkusuyla e\u015f anlaml\u0131d\u0131r. \u00dcretimin her a\u015famas\u0131 dikkatlice kontrol edilir ve \u00f6nceli\u011fimiz m\u00fc\u015fteri memnuniyeti ve g\u00fcvenidir. G\u00fcc\u00fcm\u00fcz\u00fc s\u00fcrekli geli\u015fimden ve m\u00fckemmelli\u011fe olan ba\u011fl\u0131l\u0131\u011f\u0131m\u0131zdan al\u0131yor, gelenek, kalite ve yenili\u011fi birle\u015ftiren \u00fcr\u00fcnler sunuyoruz.<\/p>                        <div class=\"about-three__info\">\r\n                                                            <div class=\"about-three__info__inner\">\r\n                                    <div class=\"about-three__info__icon\">\r\n                                        <span aria-hidden=\"true\" class=\"icon-healthcare-1\"><\/span>                                    <\/div><!-- \/.about-three__info__icon -->\r\n                                    <div class=\"about-three__info__content\">\r\n                                        <h4 class=\"about-three__info__title\">Sa\u011fl\u0131k ve G\u00fcvenlik<\/h4>\r\n                                        <!-- \/.about-three__info__title -->\r\n                                    <\/div><!-- \/.about-three__info__content -->\r\n                                <\/div><!-- \/.about-three__info__inner -->\r\n                                                            <div class=\"about-three__info__inner\">\r\n                                    <div class=\"about-three__info__icon\">\r\n                                        <span aria-hidden=\"true\" class=\"icon-meat\"><\/span>                                    <\/div><!-- \/.about-three__info__icon -->\r\n                                    <div class=\"about-three__info__content\">\r\n                                        <h4 class=\"about-three__info__title\">100% Taze \u00dcr\u00fcnler<\/h4>\r\n                                        <!-- \/.about-three__info__title -->\r\n                                    <\/div><!-- \/.about-three__info__content -->\r\n                                <\/div><!-- \/.about-three__info__inner -->\r\n                                                    <\/div><!-- \/.about-three__info -->\r\n                        <div class=\"progress-box\">\r\n                            <h4 class=\"progress-box__title\">Etin Kalitesi<\/h4>\r\n                            <div class=\"progress-box__bar\">\r\n                                <div class=\"progress-box__bar__inner count-bar\" data-percent=\"95%\">\r\n                                    <div class=\"progress-box__number count-text\">95%<\/div>\r\n                                <\/div>\r\n                            <\/div><!-- \/.progress-box__inner -->\r\n                        <\/div><!-- \/.progress-box -->\r\n                        <div class=\"about-three__bottom\">\r\n                                                            <a href=\"https:\/\/danpolmeat.pl\/tr\/?page_id=261\"  class=\"boskery-btn\">\r\n                                    <span class=\"boskery-btn__hover\"><\/span>\r\n                                    <span class=\"boskery-btn__hover\"><\/span>\r\n                                    <span class=\"boskery-btn__hover\"><\/span>\r\n                                    <span class=\"boskery-btn__hover\"><\/span>\r\n                                    <span class=\"boskery-btn__hover\"><\/span>\r\n                                    <span class=\"boskery-btn__hover\"><\/span>\r\n                                    <span class=\"boskery-btn__text\">Bize Ula\u015f\u0131n<\/span>\r\n                                    <i aria-hidden=\"true\" class=\"icon-meat-3\"><\/i>                                <\/a><!-- \/.boskery-btn -->\r\n                                                        <div class=\"about-three__profile\">\r\n                                <div class=\"about-three__profile__left\">\r\n                                                                        <div class=\"about-three__profile__info\">\r\n                                        <span class=\"about-three__profile__designation\"> m\u00fcd\u00fcr<\/span>\r\n                                        <!-- \/.about-three__profile__designation -->\r\n                                        <h5 class=\"about-three__profile__name\"> Mithat \u00d6zdemir<\/h5>\r\n\r\n                                        <!-- \/.about-three__profile__name -->\r\n                                    <\/div><!-- \/.about-three__profile__info -->\r\n                                <\/div><!-- \/.about-three__profile__left -->\r\n                                <div class=\"about-three__profile__right\">\r\n                                    <img decoding=\"async\" src=\"https:\/\/danpolmeat.pl\/wp-content\/uploads\/2024\/02\/about-director-sign-3-1.png\" alt=\"hakk\u0131nda-y\u00f6netmen-i\u015fareti-3-1\" title=\"hakk\u0131nda-y\u00f6netmen-i\u015fareti-3-1\" >                                <\/div><!-- \/.about-three__profile__right -->\r\n                            <\/div><!-- \/.about-three__profile -->\r\n                        <\/div><!-- \/.about-three__bottom -->\r\n                    <\/div><!-- \/.about-three__content -->\r\n                <\/div><!-- \/.col-lg-6 -->\r\n            <\/div><!-- \/.row -->\r\n        <\/div><!-- \/.container -->\r\n        <div class=\"about-three__shape\">\r\n                        <div class=\"about-three__shape__image wow fadeInLeft\" data-wow-duration=\"1500ms\">\r\n                            <\/div><!-- \/.about-three__shape__image -->\r\n        <\/div><!-- \/.about-three__shape -->\r\n    <\/section><!-- \/.about-three section-space -->\r\n\r\n\t\t\t\t<\/div>\n\t\t\t\t<\/div>\n\t\t\t\t<\/div>\n\t\t<div class=\"elementor-element elementor-element-41ed6795 e-con-full e-flex e-con e-parent\" data-id=\"41ed6795\" data-element_type=\"container\">\n\t\t\t\t<\/div>\n\t\t<div class=\"elementor-element elementor-element-0933154 e-con-full e-flex e-con e-parent\" data-id=\"0933154\" data-element_type=\"container\">\n\t\t\t\t<div class=\"elementor-element elementor-element-31b052e elementor-widget elementor-widget-image\" data-id=\"31b052e\" data-element_type=\"widget\" data-widget_type=\"image.default\">\n\t\t\t\t<div class=\"elementor-widget-container\">\n\t\t\t\t\t\t\t\t\t\t\t\t\t\t\t<img fetchpriority=\"high\" decoding=\"async\" width=\"1920\" height=\"893\" src=\"https:\/\/danpolmeat.pl\/wp-content\/uploads\/2025\/05\/beef-product-manufacture-process-infographic-from-farm-cow-to-market-meat-food-production-and-distribution-sausage-factory-line-set-vector.jpg\" class=\"attachment-full size-full wp-image-3569\" alt=\"\" srcset=\"https:\/\/danpolmeat.pl\/wp-content\/uploads\/2025\/05\/beef-product-manufacture-process-infographic-from-farm-cow-to-market-meat-food-production-and-distribution-sausage-factory-line-set-vector.jpg 1920w, https:\/\/danpolmeat.pl\/wp-content\/uploads\/2025\/05\/beef-product-manufacture-process-infographic-from-farm-cow-to-market-meat-food-production-and-distribution-sausage-factory-line-set-vector-300x140.jpg 300w, https:\/\/danpolmeat.pl\/wp-content\/uploads\/2025\/05\/beef-product-manufacture-process-infographic-from-farm-cow-to-market-meat-food-production-and-distribution-sausage-factory-line-set-vector-1024x476.jpg 1024w, https:\/\/danpolmeat.pl\/wp-content\/uploads\/2025\/05\/beef-product-manufacture-process-infographic-from-farm-cow-to-market-meat-food-production-and-distribution-sausage-factory-line-set-vector-768x357.jpg 768w, https:\/\/danpolmeat.pl\/wp-content\/uploads\/2025\/05\/beef-product-manufacture-process-infographic-from-farm-cow-to-market-meat-food-production-and-distribution-sausage-factory-line-set-vector-1536x714.jpg 1536w\" sizes=\"(max-width: 1920px) 100vw, 1920px\" \/>\t\t\t\t\t\t\t\t\t\t\t\t\t\t\t<\/div>\n\t\t\t\t<\/div>\n\t\t\t\t<\/div>\n\t\t<div class=\"elementor-element elementor-element-595080e4 e-con-full e-flex e-con e-parent\" data-id=\"595080e4\" data-element_type=\"container\">\n\t\t\t\t<\/div>\n\t\t\t\t<\/div>","protected":false},"excerpt":{"rendered":"<p>years of experience 5+ about Danpol meat Food Sp z o.o. Fresh Cuts Butcher Shop in city Danpol Meat Food is a company established in 2020, distinguished from the very beginning by its innovative approach to food production. We specialize in d\u00f6ner production as well as the comprehensive processing and packaging of meat elements. Our [&hellip;]<\/p>","protected":false},"author":1,"featured_media":0,"parent":0,"menu_order":0,"comment_status":"closed","ping_status":"closed","template":"elementor_header_footer","meta":{"footnotes":""},"class_list":["post-177","page","type-page","status-publish","hentry"],"_links":{"self":[{"href":"https:\/\/danpolmeat.pl\/tr\/wp-json\/wp\/v2\/pages\/177","targetHints":{"allow":["GET"]}}],"collection":[{"href":"https:\/\/danpolmeat.pl\/tr\/wp-json\/wp\/v2\/pages"}],"about":[{"href":"https:\/\/danpolmeat.pl\/tr\/wp-json\/wp\/v2\/types\/page"}],"author":[{"embeddable":true,"href":"https:\/\/danpolmeat.pl\/tr\/wp-json\/wp\/v2\/users\/1"}],"replies":[{"embeddable":true,"href":"https:\/\/danpolmeat.pl\/tr\/wp-json\/wp\/v2\/comments?post=177"}],"version-history":[{"count":21,"href":"https:\/\/danpolmeat.pl\/tr\/wp-json\/wp\/v2\/pages\/177\/revisions"}],"predecessor-version":[{"id":3638,"href":"https:\/\/danpolmeat.pl\/tr\/wp-json\/wp\/v2\/pages\/177\/revisions\/3638"}],"wp:attachment":[{"href":"https:\/\/danpolmeat.pl\/tr\/wp-json\/wp\/v2\/media?parent=177"}],"curies":[{"name":"wp","href":"https:\/\/api.w.org\/{rel}","templated":true}]}}