{"id":166,"date":"2024-02-01T02:26:03","date_gmt":"2024-02-01T02:26:03","guid":{"rendered":"http:\/\/boskery-demo.local\/?page_id=166"},"modified":"2025-06-02T07:05:18","modified_gmt":"2025-06-02T07:05:18","slug":"home-one","status":"publish","type":"page","link":"https:\/\/danpolmeat.pl\/tr\/","title":{"rendered":"Home One"},"content":{"rendered":"<div data-elementor-type=\"wp-page\" data-elementor-id=\"166\" class=\"elementor elementor-166\">\n\t\t\t\t<div class=\"elementor-element elementor-element-cf9dc36 e-grid e-con-boxed e-con e-parent\" data-id=\"cf9dc36\" data-element_type=\"container\">\n\t\t\t\t\t<div class=\"e-con-inner\">\n\t\t\t\t<div class=\"elementor-element elementor-element-8306c26 elementor-widget elementor-widget-boskery-about\" data-id=\"8306c26\" data-element_type=\"widget\" data-widget_type=\"boskery-about.default\">\n\t\t\t\t<div class=\"elementor-widget-container\">\n\t\t\t\t\t\r\n\t<section class=\"about-one section-space-top\">\r\n\t\t<div class=\"container\">\r\n\t\t\t<div class=\"row gutter-y-60\">\r\n\t\t\t\t<div class=\"col-lg-6 wow fadeInLeft\" data-wow-duration=\"1500ms\">\r\n\t\t\t\t\t<div class=\"about-one__image\">\r\n\t\t\t\t\t\t<div class=\"about-one__image__inner\">\r\n\t\t\t\t\t\t\t<h3 class=\"about-one__image__text\">2020&#039;den beri<\/h3><!-- \/.about-one__image__text -->\r\n\t\t\t\t\t\t\t<img decoding=\"async\" src=\"https:\/\/danpolmeat.pl\/wp-content\/uploads\/2025\/05\/turkish-doner-kebab-shawarma-or-gyros-traditional-turkish-doner-kebab-meat-shawarma-or-gyros-turkish-greek-or-middle-eastern-arab-style-doner-kebab-food-spit-700-165809813.jpg\" alt=\"t\u00fcrk-d\u00f6ner-kebap-\u015favurma-veya-gyros-geleneksel-t\u00fcrk-d\u00f6ner-kebap-et-\u015favurma-veya-gyros-t\u00fcrk-yunan-veya-orta-do\u011fu-arap-stili-d\u00f6ner-kebap-yemek-\u015fi\u015f-700-165809813\" title=\"t\u00fcrk-d\u00f6ner-kebap-\u015favurma-veya-gyros-geleneksel-t\u00fcrk-d\u00f6ner-kebap-et-\u015favurma-veya-gyros-t\u00fcrk-yunan-veya-orta-do\u011fu-arap-stili-d\u00f6ner-kebap-yemek-\u015fi\u015f-700-165809813\" >\r\n\t\t\t\t\t\t\t\t\t\t\t\t\t\t<div class=\"about-one__image__border\"><\/div><!-- \/.about-one__image__border -->\r\n\t\t\t\t\t\t<\/div><!-- \/.about-one__image__inner -->\r\n\t\t\t\t\t\t<img decoding=\"async\" src=\"https:\/\/danpolmeat.pl\/wp-content\/uploads\/2024\/02\/about-shape-1-1.png\" alt=\"hakk\u0131nda-\u015fekil-1-1\" title=\"hakk\u0131nda-\u015fekil-1-1\" class=\"about-one__image__shape\" >\t\t\t\t\t<\/div><!-- \/.about-one__image -->\r\n\t\t\t\t<\/div><!-- \/.col-lg-6 -->\r\n\t\t\t\t<div class=\"col-lg-6 wow fadeInRight\" data-wow-duration=\"1500ms\">\r\n\t\t\t\t\t<div class=\"about-one__content\">\r\n\t\t\t\t\t\t<div class=\"sec-title @@extraClassName\">\r\n\r\n\t\t\t\t\t\t\t<img decoding=\"async\" src=\"https:\/\/danpolmeat.pl\/wp-content\/uploads\/2025\/05\/Danpol-deneme-logo-3.png\" alt=\"Danpol-deneme-logo-3\" title=\"Danpol-deneme-logo-3\" >\t\t\t\t\t\t\t<h6 class=\"sec-title__tagline\">DANPOL KEBAP<\/h6><h3 class=\"sec-title__title\">Efsanevi Lezzet\n<\/h3>\t\t\t\t\t\t<\/div><!-- \/.sec-title -->\r\n\t\t\t\t\t\t<p class=\"about-one__text\"><br>D\u00f6nerimiz, e\u015fsiz baharat kar\u0131\u015f\u0131m\u0131 ve en taze malzemeler kullan\u0131larak usta \u015fefler taraf\u0131ndan haz\u0131rlan\u0131r. Bizimle lezzetin zirvesine ula\u015f\u0131n.<\/p>\t\t\t\t\t\t<div class=\"about-one__inner\">\r\n\t\t\t\t\t\t\t<h6 class=\"about-one__info-title\">Her lokmada gelenek\n<\/h6>\t\t\t\t\t\t\t<ul class=\"about-one__info\">\r\n\t\t\t\t\t\t\t\t\t\t\t\t\t\t\t<\/ul><!-- \/.about-one__info -->\r\n\t\t\t\t\t\t<\/div><!-- \/.about-one__inner -->\r\n\t\t\t\t\t\t<div class=\"about-one__bottom\">\r\n\t\t\t\t\t\t\t\t\t\t\t\t\t\t\t<a href=\"https:\/\/kebab.danpolmeat.pl\/\"  class=\"boskery-btn\">\r\n\t\t\t\t\t\t\t\t\t<span class=\"boskery-btn__hover\"><\/span>\r\n\t\t\t\t\t\t\t\t\t<span class=\"boskery-btn__hover\"><\/span>\r\n\t\t\t\t\t\t\t\t\t<span class=\"boskery-btn__hover\"><\/span>\r\n\t\t\t\t\t\t\t\t\t<span class=\"boskery-btn__hover\"><\/span>\r\n\t\t\t\t\t\t\t\t\t<span class=\"boskery-btn__hover\"><\/span>\r\n\t\t\t\t\t\t\t\t\t<span class=\"boskery-btn__hover\"><\/span>\r\n\t\t\t\t\t\t\t\t\t<span class=\"boskery-btn__text\">Danpol Kebab<\/span>\r\n\t\t\t\t\t\t\t\t\t<i aria-hidden=\"true\" class=\"icon-bull\"><\/i>\t\t\t\t\t\t\t\t<\/a><!-- \/.boskery-btn -->\r\n\t\t\t\t\t\t\t\t\t\t\t\t\t\t<div class=\"contact__info\">\r\n\t\t\t\t\t\t\t\t<div class=\"contact__info__inner\">\r\n\t\t\t\t\t\t\t\t\t<div class=\"contact__info__icon\">\r\n\t\t\t\t\t\t\t\t\t\t<span aria-hidden=\"true\" class=\"icon-telephone\"><\/span>\t\t\t\t\t\t\t\t\t<\/div><!-- \/.contact__info__icon -->\r\n\t\t\t\t\t\t\t\t\t<div class=\"contact__info__right\">\r\n\t\t\t\t\t\t\t\t\t\t<h4 class=\"contact__info__title\">Teslimat \u00c7a\u011fr\u0131s\u0131<\/h4><!-- \/.contact__info__title -->\r\n\t\t\t\t\t\t\t\t\t\t<a href=\"tel:+48-606-563-991\" class=\"contact__info__number\">+48-606-563-991<\/a><!-- \/.contact__info__number -->\r\n\t\t\t\t\t\t\t\t\t<\/div><!-- \/.contact__info__right -->\r\n\t\t\t\t\t\t\t\t<\/div><!-- \/.contact__info__inner -->\r\n\t\t\t\t\t\t\t<\/div><!-- \/.contact__info -->\r\n\t\t\t\t\t\t<\/div><!-- \/.about-one__bottom -->\r\n\t\t\t\t\t<\/div><!-- \/.about-one__content -->\r\n\t\t\t\t<\/div><!-- \/.col-lg-6 -->\r\n\t\t\t<\/div><!-- \/.row -->\r\n\t\t<\/div><!-- \/.container -->\r\n\t\t<div class=\"about-one__shape\">\r\n\t\t\t<img decoding=\"async\" src=\"https:\/\/danpolmeat.pl\/wp-content\/uploads\/2024\/02\/about-shape-1-2.png\" alt=\"hakk\u0131nda-\u015fekil-1-2\" title=\"hakk\u0131nda-\u015fekil-1-2\" class=\"about-one__shape__one\" >\t\t\t<img decoding=\"async\" src=\"https:\/\/danpolmeat.pl\/wp-content\/uploads\/2024\/02\/about-shape-1-3.png\" alt=\"hakk\u0131nda-\u015fekil-1-3\" title=\"hakk\u0131nda-\u015fekil-1-3\" class=\"about-one__shape__two\" >\t\t<\/div><!-- \/.about-one__shape -->\r\n\t<\/section><!-- \/.about-one section-space-top -->\r\n\r\n\t\t\t\t<\/div>\n\t\t\t\t<\/div>\n\t\t\t\t<div class=\"elementor-element elementor-element-0bbbc78 elementor-widget elementor-widget-boskery-about\" data-id=\"0bbbc78\" data-element_type=\"widget\" data-widget_type=\"boskery-about.default\">\n\t\t\t\t<div class=\"elementor-widget-container\">\n\t\t\t\t\t\r\n\t<section class=\"about-one section-space-top\">\r\n\t\t<div class=\"container\">\r\n\t\t\t<div class=\"row gutter-y-60\">\r\n\t\t\t\t<div class=\"col-lg-6 wow fadeInLeft\" data-wow-duration=\"1500ms\">\r\n\t\t\t\t\t<div class=\"about-one__image\">\r\n\t\t\t\t\t\t<div class=\"about-one__image__inner\">\r\n\t\t\t\t\t\t\t<h3 class=\"about-one__image__text\">2020&#039;den beri<\/h3><!-- \/.about-one__image__text -->\r\n\t\t\t\t\t\t\t<img decoding=\"async\" src=\"https:\/\/danpolmeat.pl\/wp-content\/uploads\/2025\/05\/about-1.jpg\" alt=\"Tak\u0131m \u00e7al\u0131\u015fmas\u0131 kasap so\u011fuk depoda as\u0131l\u0131 \u00e7i\u011f etleri kesiyor. Kesimhanede kancaya as\u0131lan ve kesilen s\u0131\u011f\u0131rlar, Et end\u00fcstrisi, Wagyu S\u0131\u011f\u0131r\u0131\" title=\"Ekip \u00e7al\u0131\u015fmas\u0131 kasap so\u011fuk hava deposunda as\u0131l\u0131 duran \u00e7i\u011f etleri kesiyor.\" >\r\n\t\t\t\t\t\t\t\t\t\t\t\t\t\t<div class=\"about-one__image__border\"><\/div><!-- \/.about-one__image__border -->\r\n\t\t\t\t\t\t<\/div><!-- \/.about-one__image__inner -->\r\n\t\t\t\t\t\t<img decoding=\"async\" src=\"https:\/\/danpolmeat.pl\/wp-content\/uploads\/2024\/02\/about-shape-1-1.png\" alt=\"hakk\u0131nda-\u015fekil-1-1\" title=\"hakk\u0131nda-\u015fekil-1-1\" class=\"about-one__image__shape\" >\t\t\t\t\t<\/div><!-- \/.about-one__image -->\r\n\t\t\t\t<\/div><!-- \/.col-lg-6 -->\r\n\t\t\t\t<div class=\"col-lg-6 wow fadeInRight\" data-wow-duration=\"1500ms\">\r\n\t\t\t\t\t<div class=\"about-one__content\">\r\n\t\t\t\t\t\t<div class=\"sec-title @@extraClassName\">\r\n\r\n\t\t\t\t\t\t\t<img decoding=\"async\" src=\"https:\/\/danpolmeat.pl\/wp-content\/uploads\/2025\/05\/Danpol-ET-logo-SIYAH-1.png\" alt=\"Danpol-ET-logo-SIYAH\" title=\"Danpol-ET-logo-SIYAH\" >\t\t\t\t\t\t\t<h6 class=\"sec-title__tagline\">DANPOL eti<\/h6><h3 class=\"sec-title__title\"> En Y\u00fcksek Standart\n<\/h3>\t\t\t\t\t\t<\/div><!-- \/.sec-title -->\r\n\t\t\t\t\t\t<p class=\"about-one__text\">\u00d6zenle se\u00e7ti\u011fimiz etlerimiz, her ad\u0131mda hijyen ve tazelik sa\u011flayarak modern tesislerde i\u015flenir ve paketlenir. Her zaman en iyisini hedefliyoruz.<\/p>\t\t\t\t\t\t<div class=\"about-one__inner\">\r\n\t\t\t\t\t\t\t<h6 class=\"about-one__info-title\">\u00c7\u0130\u011e ET \u00dcRET\u0130M\u0130<\/h6>\t\t\t\t\t\t\t<ul class=\"about-one__info\">\r\n\t\t\t\t\t\t\t\t\t\t\t\t\t\t\t<\/ul><!-- \/.about-one__info -->\r\n\t\t\t\t\t\t<\/div><!-- \/.about-one__inner -->\r\n\t\t\t\t\t\t<div class=\"about-one__bottom\">\r\n\t\t\t\t\t\t\t\t\t\t\t\t\t\t\t<a href=\"https:\/\/meat.danpolmeat.pl\/\"  class=\"boskery-btn\">\r\n\t\t\t\t\t\t\t\t\t<span class=\"boskery-btn__hover\"><\/span>\r\n\t\t\t\t\t\t\t\t\t<span class=\"boskery-btn__hover\"><\/span>\r\n\t\t\t\t\t\t\t\t\t<span class=\"boskery-btn__hover\"><\/span>\r\n\t\t\t\t\t\t\t\t\t<span class=\"boskery-btn__hover\"><\/span>\r\n\t\t\t\t\t\t\t\t\t<span class=\"boskery-btn__hover\"><\/span>\r\n\t\t\t\t\t\t\t\t\t<span class=\"boskery-btn__hover\"><\/span>\r\n\t\t\t\t\t\t\t\t\t<span class=\"boskery-btn__text\">Danpol Et<\/span>\r\n\t\t\t\t\t\t\t\t\t<i aria-hidden=\"true\" class=\"icon-meat-3\"><\/i>\t\t\t\t\t\t\t\t<\/a><!-- \/.boskery-btn -->\r\n\t\t\t\t\t\t\t\t\t\t\t\t\t\t<div class=\"contact__info\">\r\n\t\t\t\t\t\t\t\t<div class=\"contact__info__inner\">\r\n\t\t\t\t\t\t\t\t\t<div class=\"contact__info__icon\">\r\n\t\t\t\t\t\t\t\t\t\t<span aria-hidden=\"true\" class=\"icon-telephone\"><\/span>\t\t\t\t\t\t\t\t\t<\/div><!-- \/.contact__info__icon -->\r\n\t\t\t\t\t\t\t\t\t<div class=\"contact__info__right\">\r\n\t\t\t\t\t\t\t\t\t\t<h4 class=\"contact__info__title\">Teslimat \u00c7a\u011fr\u0131s\u0131<\/h4><!-- \/.contact__info__title -->\r\n\t\t\t\t\t\t\t\t\t\t<a href=\"tel:+48-606-563-991\" class=\"contact__info__number\">+48-606-563-991<\/a><!-- \/.contact__info__number -->\r\n\t\t\t\t\t\t\t\t\t<\/div><!-- \/.contact__info__right -->\r\n\t\t\t\t\t\t\t\t<\/div><!-- \/.contact__info__inner -->\r\n\t\t\t\t\t\t\t<\/div><!-- \/.contact__info -->\r\n\t\t\t\t\t\t<\/div><!-- \/.about-one__bottom -->\r\n\t\t\t\t\t<\/div><!-- \/.about-one__content -->\r\n\t\t\t\t<\/div><!-- \/.col-lg-6 -->\r\n\t\t\t<\/div><!-- \/.row -->\r\n\t\t<\/div><!-- \/.container -->\r\n\t\t<div class=\"about-one__shape\">\r\n\t\t\t<img decoding=\"async\" src=\"https:\/\/danpolmeat.pl\/wp-content\/uploads\/2024\/02\/about-shape-1-2.png\" alt=\"hakk\u0131nda-\u015fekil-1-2\" title=\"hakk\u0131nda-\u015fekil-1-2\" class=\"about-one__shape__one\" >\t\t\t<img decoding=\"async\" src=\"https:\/\/danpolmeat.pl\/wp-content\/uploads\/2024\/02\/about-shape-1-3.png\" alt=\"hakk\u0131nda-\u015fekil-1-3\" title=\"hakk\u0131nda-\u015fekil-1-3\" class=\"about-one__shape__two\" >\t\t<\/div><!-- \/.about-one__shape -->\r\n\t<\/section><!-- \/.about-one section-space-top -->\r\n\r\n\t\t\t\t<\/div>\n\t\t\t\t<\/div>\n\t\t\t\t\t<\/div>\n\t\t\t\t<\/div>\n\t\t\t\t<\/div>","protected":false},"excerpt":{"rendered":"<p>Since 2020 DANPOL KEBAB Legendary Taste Our d\u00f6ner is crafted by master chefs, using a unique blend of spices and the freshest ingredients. Reach the peak of flavor with us. Tradition in every bite Danpol Kebab Call for Delivery +48-606-563-991 Since 2020 DANPOL meat Highest Standard Our carefully selected meats are processed and packaged in [&hellip;]<\/p>","protected":false},"author":1,"featured_media":0,"parent":0,"menu_order":0,"comment_status":"closed","ping_status":"closed","template":"elementor_header_footer","meta":{"footnotes":""},"class_list":["post-166","page","type-page","status-publish","hentry"],"_links":{"self":[{"href":"https:\/\/danpolmeat.pl\/tr\/wp-json\/wp\/v2\/pages\/166","targetHints":{"allow":["GET"]}}],"collection":[{"href":"https:\/\/danpolmeat.pl\/tr\/wp-json\/wp\/v2\/pages"}],"about":[{"href":"https:\/\/danpolmeat.pl\/tr\/wp-json\/wp\/v2\/types\/page"}],"author":[{"embeddable":true,"href":"https:\/\/danpolmeat.pl\/tr\/wp-json\/wp\/v2\/users\/1"}],"replies":[{"embeddable":true,"href":"https:\/\/danpolmeat.pl\/tr\/wp-json\/wp\/v2\/comments?post=166"}],"version-history":[{"count":122,"href":"https:\/\/danpolmeat.pl\/tr\/wp-json\/wp\/v2\/pages\/166\/revisions"}],"predecessor-version":[{"id":3690,"href":"https:\/\/danpolmeat.pl\/tr\/wp-json\/wp\/v2\/pages\/166\/revisions\/3690"}],"wp:attachment":[{"href":"https:\/\/danpolmeat.pl\/tr\/wp-json\/wp\/v2\/media?parent=166"}],"curies":[{"name":"wp","href":"https:\/\/api.w.org\/{rel}","templated":true}]}}